{"id":1588,"date":"2025-02-22T10:47:12","date_gmt":"2025-02-22T10:47:12","guid":{"rendered":"https:\/\/find-ao.binary.ao\/wp\/?page_id=1588"},"modified":"2025-08-20T11:39:58","modified_gmt":"2025-08-20T10:39:58","slug":"sobre-nos","status":"publish","type":"page","link":"https:\/\/find-ao.binary.ao\/wp\/sobre-nos\/","title":{"rendered":"Sobre N\u00f3s"},"content":{"rendered":"\t\t<div data-elementor-type=\"wp-page\" data-elementor-id=\"1588\" class=\"elementor elementor-1588\">\n\t\t\t\t<div class=\"elementor-element elementor-element-6443c8a e-flex e-con-boxed e-con e-parent\" data-id=\"6443c8a\" data-element_type=\"container\">\n\t\t\t\t\t<div class=\"e-con-inner\">\n\t\t<div class=\"elementor-element elementor-element-d6f0379 e-con-full e-flex e-con e-child\" data-id=\"d6f0379\" data-element_type=\"container\">\n\t\t\t\t<div class=\"elementor-element elementor-element-588f66c elementor-widget elementor-widget-heading\" data-id=\"588f66c\" data-element_type=\"widget\" data-widget_type=\"heading.default\">\n\t\t\t\t<div class=\"elementor-widget-container\">\n\t\t\t\t\t<h1 class=\"elementor-heading-title elementor-size-default\">Quem Somos?<\/h1>\t\t\t\t<\/div>\n\t\t\t\t<\/div>\n\t\t\t\t<div class=\"elementor-element elementor-element-3f5b3c2 elementor-widget elementor-widget-text-editor\" data-id=\"3f5b3c2\" data-element_type=\"widget\" data-widget_type=\"text-editor.default\">\n\t\t\t\t<div class=\"elementor-widget-container\">\n\t\t\t\t\t\t\t\t\t<p>Somos uma plataforma que re\u00fane em um s\u00f3 lugar informa\u00e7\u00f5es sobre os melhores locais para turismo e lazer em Angola, permitindo que usu\u00e1rios encontrem op\u00e7\u00f5es de hospedagem, gastronomia e entretenimento com facilidade.\u00a0Al\u00e9m disso, oferecemos avalia\u00e7\u00f5es, dicas, mapas interativos para que cada experi\u00eancia seja inesquec\u00edvel.<\/p>\t\t\t\t\t\t\t\t<\/div>\n\t\t\t\t<\/div>\n\t\t<div class=\"elementor-element elementor-element-02a1859 e-con-full e-flex e-con e-child\" data-id=\"02a1859\" data-element_type=\"container\">\n\t\t\t\t<div class=\"elementor-element elementor-element-c9ef39e elementor-widget elementor-widget-heading\" data-id=\"c9ef39e\" data-element_type=\"widget\" data-widget_type=\"heading.default\">\n\t\t\t\t<div class=\"elementor-widget-container\">\n\t\t\t\t\t<h1 class=\"elementor-heading-title elementor-size-default\">Objectivo<\/h1>\t\t\t\t<\/div>\n\t\t\t\t<\/div>\n\t\t\t\t<div class=\"elementor-element elementor-element-5dcc572 elementor-widget elementor-widget-text-editor\" data-id=\"5dcc572\" data-element_type=\"widget\" data-widget_type=\"text-editor.default\">\n\t\t\t\t<div class=\"elementor-widget-container\">\n\t\t\t\t\t\t\t\t\t<p>Nosso objetivo \u00e9 facilitar a busca por experi\u00eancias incr\u00edveis em Turismo, Hotelaria, Gastronomia, Entretenimento, Lazer e Divers\u00e3o. Queremos conectar as pessoas aos melhores lugares para relaxar, se hospedar, comer bem e se divertir, proporcionando informa\u00e7\u00f5es detalhadas e acess\u00edveis para cada escolha.<\/p>\t\t\t\t\t\t\t\t<\/div>\n\t\t\t\t<\/div>\n\t\t\t\t<\/div>\n\t\t\t\t<\/div>\n\t\t\t\t\t<\/div>\n\t\t\t\t<\/div>\n\t\t<div class=\"elementor-element elementor-element-ebfb0a0 e-flex e-con-boxed e-con e-parent\" data-id=\"ebfb0a0\" data-element_type=\"container\">\n\t\t\t\t\t<div class=\"e-con-inner\">\n\t\t<div class=\"elementor-element elementor-element-e4e98c6 e-con-full e-flex e-con e-child\" data-id=\"e4e98c6\" data-element_type=\"container\">\n\t\t<div class=\"elementor-element elementor-element-feb9cc8 e-con-full e-flex e-con e-child\" data-id=\"feb9cc8\" data-element_type=\"container\">\n\t\t\t\t<div class=\"elementor-element elementor-element-4ed72d8 elementor-widget elementor-widget-heading\" data-id=\"4ed72d8\" data-element_type=\"widget\" data-widget_type=\"heading.default\">\n\t\t\t\t<div class=\"elementor-widget-container\">\n\t\t\t\t\t<h1 class=\"elementor-heading-title elementor-size-default\">Miss\u00e3o<\/h1>\t\t\t\t<\/div>\n\t\t\t\t<\/div>\n\t\t\t\t<div class=\"elementor-element elementor-element-570b17c elementor-widget__width-initial elementor-widget elementor-widget-text-editor\" data-id=\"570b17c\" data-element_type=\"widget\" data-widget_type=\"text-editor.default\">\n\t\t\t\t<div class=\"elementor-widget-container\">\n\t\t\t\t\t\t\t\t\t<p>Proporcionar uma plataforma intuitiva e completa que auxilie usu\u00e1rios a encontrarem os melhores destinos e servi\u00e7os de lazer, garantindo informa\u00e7\u00f5es confi\u00e1veis, avalia\u00e7\u00f5es reais e recomenda\u00e7\u00f5es personalizadas.<\/p>\t\t\t\t\t\t\t\t<\/div>\n\t\t\t\t<\/div>\n\t\t\t\t<\/div>\n\t\t\t\t<\/div>\n\t\t<div class=\"elementor-element elementor-element-62cffad e-con-full e-flex e-con e-child\" data-id=\"62cffad\" data-element_type=\"container\">\n\t\t<div class=\"elementor-element elementor-element-ca2dd9d e-con-full e-flex e-con e-child\" data-id=\"ca2dd9d\" data-element_type=\"container\">\n\t\t\t\t<div class=\"elementor-element elementor-element-0b91f3e elementor-widget elementor-widget-heading\" data-id=\"0b91f3e\" data-element_type=\"widget\" data-widget_type=\"heading.default\">\n\t\t\t\t<div class=\"elementor-widget-container\">\n\t\t\t\t\t<h1 class=\"elementor-heading-title elementor-size-default\">Vis\u00e3o<\/h1>\t\t\t\t<\/div>\n\t\t\t\t<\/div>\n\t\t\t\t<div class=\"elementor-element elementor-element-980a4ab elementor-widget__width-initial elementor-widget elementor-widget-text-editor\" data-id=\"980a4ab\" data-element_type=\"widget\" data-widget_type=\"text-editor.default\">\n\t\t\t\t<div class=\"elementor-widget-container\">\n\t\t\t\t\t\t\t\t\t<p>Ser a principal refer\u00eancia digital para quem busca explorar novos destinos, descobrir restaurantes incr\u00edveis, encontrar hot\u00e9is confort\u00e1veis e aproveitar momentos de lazer e divers\u00e3o.<\/p>\t\t\t\t\t\t\t\t<\/div>\n\t\t\t\t<\/div>\n\t\t\t\t<\/div>\n\t\t\t\t<\/div>\n\t\t\t\t\t<\/div>\n\t\t\t\t<\/div>\n\t\t<div class=\"elementor-element elementor-element-76f5a43 e-flex e-con-boxed e-con e-parent\" data-id=\"76f5a43\" data-element_type=\"container\">\n\t\t\t\t\t<div class=\"e-con-inner\">\n\t\t\t\t\t<\/div>\n\t\t\t\t<\/div>\n\t\t<div class=\"elementor-element elementor-element-2ea5802 e-flex e-con-boxed e-con e-parent\" data-id=\"2ea5802\" data-element_type=\"container\">\n\t\t\t\t\t<div class=\"e-con-inner\">\n\t\t\t\t\t<\/div>\n\t\t\t\t<\/div>\n\t\t<div class=\"elementor-element elementor-element-5175fb9 e-flex e-con-boxed e-con e-parent\" data-id=\"5175fb9\" data-element_type=\"container\">\n\t\t\t\t\t<div class=\"e-con-inner\">\n\t\t\t\t\t<\/div>\n\t\t\t\t<\/div>\n\t\t\t\t<\/div>\n\t\t","protected":false},"excerpt":{"rendered":"<p>Quem Somos? Somos uma plataforma que re\u00fane em um s\u00f3 lugar informa\u00e7\u00f5es sobre os melhores locais para turismo e lazer em Angola, permitindo que usu\u00e1rios encontrem op\u00e7\u00f5es de hospedagem, gastronomia e entretenimento com facilidade.\u00a0Al\u00e9m disso, oferecemos avalia\u00e7\u00f5es, dicas, mapas interativos para que cada experi\u00eancia seja inesquec\u00edvel. Objectivo Nosso objetivo \u00e9 facilitar a busca por experi\u00eancias [&hellip;]<\/p>\n","protected":false},"author":1,"featured_media":0,"parent":0,"menu_order":0,"comment_status":"closed","ping_status":"closed","template":"","meta":{"_monsterinsights_skip_tracking":false,"_monsterinsights_sitenote_active":false,"_monsterinsights_sitenote_note":"","_monsterinsights_sitenote_category":0,"footnotes":""},"class_list":["post-1588","page","type-page","status-publish","hentry"],"aioseo_notices":[],"yoast_head":"<!-- This site is optimized with the Yoast SEO plugin v25.7 - https:\/\/yoast.com\/wordpress\/plugins\/seo\/ -->\n<title>Sobre N\u00f3s - find.ao-Lazer e Entretenimento<\/title>\n<meta name=\"robots\" content=\"index, follow, max-snippet:-1, max-image-preview:large, max-video-preview:-1\" \/>\n<link rel=\"canonical\" href=\"https:\/\/find-ao.binary.ao\/wp\/sobre-nos\/\" \/>\n<meta property=\"og:locale\" content=\"pt_PT\" \/>\n<meta property=\"og:type\" content=\"article\" \/>\n<meta property=\"og:title\" content=\"Sobre N\u00f3s - find.ao-Lazer e Entretenimento\" \/>\n<meta property=\"og:description\" content=\"Quem Somos? Somos uma plataforma que re\u00fane em um s\u00f3 lugar informa\u00e7\u00f5es sobre os melhores locais para turismo e lazer em Angola, permitindo que usu\u00e1rios encontrem op\u00e7\u00f5es de hospedagem, gastronomia e entretenimento com facilidade.\u00a0Al\u00e9m disso, oferecemos avalia\u00e7\u00f5es, dicas, mapas interativos para que cada experi\u00eancia seja inesquec\u00edvel. Objectivo Nosso objetivo \u00e9 facilitar a busca por experi\u00eancias [&hellip;]\" \/>\n<meta property=\"og:url\" content=\"https:\/\/find-ao.binary.ao\/wp\/sobre-nos\/\" \/>\n<meta property=\"og:site_name\" content=\"find.ao-Lazer e Entretenimento\" \/>\n<meta property=\"article:modified_time\" content=\"2025-08-20T10:39:58+00:00\" \/>\n<meta name=\"twitter:card\" content=\"summary_large_image\" \/>\n<meta name=\"twitter:label1\" content=\"Tempo estimado de leitura\" \/>\n\t<meta name=\"twitter:data1\" content=\"1 minuto\" \/>\n<script type=\"application\/ld+json\" class=\"yoast-schema-graph\">{\"@context\":\"https:\/\/schema.org\",\"@graph\":[{\"@type\":\"WebPage\",\"@id\":\"https:\/\/find-ao.binary.ao\/wp\/sobre-nos\/\",\"url\":\"https:\/\/find-ao.binary.ao\/wp\/sobre-nos\/\",\"name\":\"Sobre N\u00f3s - find.ao-Lazer e Entretenimento\",\"isPartOf\":{\"@id\":\"https:\/\/find-ao.binary.ao\/wp\/#website\"},\"datePublished\":\"2025-02-22T10:47:12+00:00\",\"dateModified\":\"2025-08-20T10:39:58+00:00\",\"breadcrumb\":{\"@id\":\"https:\/\/find-ao.binary.ao\/wp\/sobre-nos\/#breadcrumb\"},\"inLanguage\":\"pt-PT\",\"potentialAction\":[{\"@type\":\"ReadAction\",\"target\":[\"https:\/\/find-ao.binary.ao\/wp\/sobre-nos\/\"]}]},{\"@type\":\"BreadcrumbList\",\"@id\":\"https:\/\/find-ao.binary.ao\/wp\/sobre-nos\/#breadcrumb\",\"itemListElement\":[{\"@type\":\"ListItem\",\"position\":1,\"name\":\"In\u00edcio\",\"item\":\"https:\/\/find-ao.binary.ao\/wp\/\"},{\"@type\":\"ListItem\",\"position\":2,\"name\":\"Sobre N\u00f3s\"}]},{\"@type\":\"WebSite\",\"@id\":\"https:\/\/find-ao.binary.ao\/wp\/#website\",\"url\":\"https:\/\/find-ao.binary.ao\/wp\/\",\"name\":\"find.ao-Lazer e Entretenimento\",\"description\":\"My WordPress Blog\",\"potentialAction\":[{\"@type\":\"SearchAction\",\"target\":{\"@type\":\"EntryPoint\",\"urlTemplate\":\"https:\/\/find-ao.binary.ao\/wp\/?s={search_term_string}\"},\"query-input\":{\"@type\":\"PropertyValueSpecification\",\"valueRequired\":true,\"valueName\":\"search_term_string\"}}],\"inLanguage\":\"pt-PT\"}]}<\/script>\n<!-- \/ Yoast SEO plugin. -->","yoast_head_json":{"title":"Sobre N\u00f3s - find.ao-Lazer e Entretenimento","robots":{"index":"index","follow":"follow","max-snippet":"max-snippet:-1","max-image-preview":"max-image-preview:large","max-video-preview":"max-video-preview:-1"},"canonical":"https:\/\/find-ao.binary.ao\/wp\/sobre-nos\/","og_locale":"pt_PT","og_type":"article","og_title":"Sobre N\u00f3s - find.ao-Lazer e Entretenimento","og_description":"Quem Somos? Somos uma plataforma que re\u00fane em um s\u00f3 lugar informa\u00e7\u00f5es sobre os melhores locais para turismo e lazer em Angola, permitindo que usu\u00e1rios encontrem op\u00e7\u00f5es de hospedagem, gastronomia e entretenimento com facilidade.\u00a0Al\u00e9m disso, oferecemos avalia\u00e7\u00f5es, dicas, mapas interativos para que cada experi\u00eancia seja inesquec\u00edvel. Objectivo Nosso objetivo \u00e9 facilitar a busca por experi\u00eancias [&hellip;]","og_url":"https:\/\/find-ao.binary.ao\/wp\/sobre-nos\/","og_site_name":"find.ao-Lazer e Entretenimento","article_modified_time":"2025-08-20T10:39:58+00:00","twitter_card":"summary_large_image","twitter_misc":{"Tempo estimado de leitura":"1 minuto"},"schema":{"@context":"https:\/\/schema.org","@graph":[{"@type":"WebPage","@id":"https:\/\/find-ao.binary.ao\/wp\/sobre-nos\/","url":"https:\/\/find-ao.binary.ao\/wp\/sobre-nos\/","name":"Sobre N\u00f3s - find.ao-Lazer e Entretenimento","isPartOf":{"@id":"https:\/\/find-ao.binary.ao\/wp\/#website"},"datePublished":"2025-02-22T10:47:12+00:00","dateModified":"2025-08-20T10:39:58+00:00","breadcrumb":{"@id":"https:\/\/find-ao.binary.ao\/wp\/sobre-nos\/#breadcrumb"},"inLanguage":"pt-PT","potentialAction":[{"@type":"ReadAction","target":["https:\/\/find-ao.binary.ao\/wp\/sobre-nos\/"]}]},{"@type":"BreadcrumbList","@id":"https:\/\/find-ao.binary.ao\/wp\/sobre-nos\/#breadcrumb","itemListElement":[{"@type":"ListItem","position":1,"name":"In\u00edcio","item":"https:\/\/find-ao.binary.ao\/wp\/"},{"@type":"ListItem","position":2,"name":"Sobre N\u00f3s"}]},{"@type":"WebSite","@id":"https:\/\/find-ao.binary.ao\/wp\/#website","url":"https:\/\/find-ao.binary.ao\/wp\/","name":"find.ao-Lazer e Entretenimento","description":"My WordPress Blog","potentialAction":[{"@type":"SearchAction","target":{"@type":"EntryPoint","urlTemplate":"https:\/\/find-ao.binary.ao\/wp\/?s={search_term_string}"},"query-input":{"@type":"PropertyValueSpecification","valueRequired":true,"valueName":"search_term_string"}}],"inLanguage":"pt-PT"}]}},"_links":{"self":[{"href":"https:\/\/find-ao.binary.ao\/wp\/wp-json\/wp\/v2\/pages\/1588","targetHints":{"allow":["GET"]}}],"collection":[{"href":"https:\/\/find-ao.binary.ao\/wp\/wp-json\/wp\/v2\/pages"}],"about":[{"href":"https:\/\/find-ao.binary.ao\/wp\/wp-json\/wp\/v2\/types\/page"}],"author":[{"embeddable":true,"href":"https:\/\/find-ao.binary.ao\/wp\/wp-json\/wp\/v2\/users\/1"}],"replies":[{"embeddable":true,"href":"https:\/\/find-ao.binary.ao\/wp\/wp-json\/wp\/v2\/comments?post=1588"}],"version-history":[{"count":15,"href":"https:\/\/find-ao.binary.ao\/wp\/wp-json\/wp\/v2\/pages\/1588\/revisions"}],"predecessor-version":[{"id":1784,"href":"https:\/\/find-ao.binary.ao\/wp\/wp-json\/wp\/v2\/pages\/1588\/revisions\/1784"}],"wp:attachment":[{"href":"https:\/\/find-ao.binary.ao\/wp\/wp-json\/wp\/v2\/media?parent=1588"}],"curies":[{"name":"wp","href":"https:\/\/api.w.org\/{rel}","templated":true}]}}